{"id":281,"date":"2023-12-14T06:48:28","date_gmt":"2023-12-14T06:48:28","guid":{"rendered":"https:\/\/couponcrafts.com\/se\/?page_id=281"},"modified":"2024-08-13T12:49:04","modified_gmt":"2024-08-13T12:49:04","slug":"vanliga-fragor","status":"publish","type":"page","link":"https:\/\/couponcrafts.com\/se\/vanliga-fragor\/","title":{"rendered":"GDPR policy"},"content":{"rendered":"<p><strong>Senast uppdaterad:<\/strong> 1 januari 2024<\/p>\n<p>Denna integritetspolicy beskriver v\u00e5ra policyer och procedurer f\u00f6r insamling, anv\u00e4ndning och avsl\u00f6jande av din information n\u00e4r du anv\u00e4nder tj\u00e4nsten och ber\u00e4ttar om dina integritetsr\u00e4ttigheter och hur lagen skyddar dig.<\/p>\n<p>Vi anv\u00e4nder dina personuppgifter f\u00f6r att tillhandah\u00e5lla och f\u00f6rb\u00e4ttra Tj\u00e4nsten. Genom att anv\u00e4nda tj\u00e4nsten samtycker du till insamling och anv\u00e4ndning av information i enlighet med denna integritetspolicy. Denna integritetspolicy har skapats med hj\u00e4lp av Free Privacy Policy Generator.<\/p>\n<h3><strong>Tolkning och definitioner<\/strong><\/h3>\n<p><strong>Tolkning<\/strong><br \/>\nOrden vars initiala bokstav \u00e4r versal har betydelser definierade under f\u00f6ljande villkor. F\u00f6ljande definitioner ska ha samma betydelse oavsett om de f\u00f6rekommer i singular eller plural.<\/p>\n<p><strong>Definitioner<\/strong><br \/>\nF\u00f6r \u00e4ndam\u00e5len med denna integritetspolicy:<\/p>\n<p><strong>Konto<\/strong> betyder ett unikt konto som skapats f\u00f6r att du ska f\u00e5 tillg\u00e5ng till v\u00e5r tj\u00e4nst eller delar av v\u00e5r tj\u00e4nst.<\/p>\n<p><strong>F\u00f6retag<\/strong> (referat till som antingen &#8220;f\u00f6retaget&#8221;, &#8220;vi&#8221;, &#8220;oss&#8221; eller &#8220;v\u00e5rt&#8221; i detta avtal) h\u00e4nvisar till QWICC CODERS, 1813, 1813 Business Center DMCC, DUBAI, UAE<\/p>\n<p><strong>Cookies<\/strong> \u00e4r sm\u00e5 filer som placeras p\u00e5 din dator, mobila enhet eller n\u00e5gon annan enhet av en webbplats, och som inneh\u00e5ller information om din webbhistorik p\u00e5 den webbplatsen bland dess m\u00e5nga anv\u00e4ndningsomr\u00e5den.<\/p>\n<p><strong>Land avser:<\/strong> UAE<\/p>\n<p><strong>Enhet<\/strong> avser vilken enhet som helst som kan komma \u00e5t Tj\u00e4nsten s\u00e5som en dator, en mobiltelefon eller en digital surfplatta.<\/p>\n<p><strong>Personuppgifter<\/strong> \u00e4r all information som relaterar till en identifierad eller identifierbar individ.<\/p>\n<p><strong>Tj\u00e4nsten<\/strong> h\u00e4nvisar till webbplatsen.<\/p>\n<p><strong>Tj\u00e4nsteleverant\u00f6r<\/strong> avser varje fysisk eller juridisk person som behandlar uppgifterna f\u00f6r f\u00f6retagets r\u00e4kning. Det avser tredjepartsf\u00f6retag eller individer som \u00e4r anst\u00e4llda av Bolaget f\u00f6r att underl\u00e4tta Tj\u00e4nsten, tillhandah\u00e5lla Tj\u00e4nsten f\u00f6r Bolagets r\u00e4kning, utf\u00f6ra tj\u00e4nster relaterade till Tj\u00e4nsten eller hj\u00e4lpa F\u00f6retaget med att analysera hur Tj\u00e4nsten anv\u00e4nds.<\/p>\n<p><strong>Anv\u00e4ndningsdata<\/strong> h\u00e4nvisar till data som samlas in automatiskt, antingen genererad av anv\u00e4ndningen av tj\u00e4nsten eller fr\u00e5n sj\u00e4lva tj\u00e4nstens infrastruktur (till exempel varaktigheten av ett sidbes\u00f6k).<\/p>\n<p><strong>Webbplatsen<\/strong> h\u00e4nvisar till Couponcrafts, tillg\u00e4nglig fr\u00e5n https:\/\/Couponcrafts.com\/<\/p>\n<p><strong>Du<\/strong> avser individen som har tillg\u00e5ng till eller anv\u00e4nder Tj\u00e4nsten, eller f\u00f6retaget eller annan juridisk person p\u00e5 uppdrag av vilken en s\u00e5dan individ anv\u00e4nder eller anv\u00e4nder Tj\u00e4nsten, beroende p\u00e5 vad som \u00e4r till\u00e4mpligt.<\/p>\n<h3><strong>Samla in och anv\u00e4nda dina personuppgifter<\/strong><\/h3>\n<p><strong>Personuppgifter<\/strong><br \/>\nN\u00e4r vi anv\u00e4nder v\u00e5r tj\u00e4nst kan vi be dig att f\u00f6rse oss med viss personligt identifierbar information som kan anv\u00e4ndas f\u00f6r att kontakta eller identifiera dig. Personligt identifierbar information kan innefatta, men \u00e4r inte begr\u00e4nsad till:<\/p>\n<p>E-postadress<\/p>\n<p>Anv\u00e4ndningsdata<\/p>\n<p><strong>Anv\u00e4ndningsdata<\/strong><br \/>\nAnv\u00e4ndningsdata samlas in automatiskt n\u00e4r Tj\u00e4nsten anv\u00e4nds.<\/p>\n<p>Anv\u00e4ndningsdata kan inkludera information som din enhets Internetprotokolladress (t.ex. IP-adress), webbl\u00e4sartyp, webbl\u00e4sarversion, sidorna i v\u00e5r tj\u00e4nst som du bes\u00f6ker, tid och datum f\u00f6r ditt bes\u00f6k, tiden som spenderats p\u00e5 dessa sidor, unik enhet identifierare och andra diagnostiska data.<\/p>\n<p>N\u00e4r du anv\u00e4nder tj\u00e4nsten via eller via en mobil enhet kan vi samla in viss information automatiskt, inklusive, men inte begr\u00e4nsat till, typen av mobil enhet du anv\u00e4nder, din mobila enhets unika ID, din mobila enhets IP-adress, din mobil operativsystem, vilken typ av mobil webbl\u00e4sare du anv\u00e4nder, unika enhetsidentifierare och annan diagnostisk data.<\/p>\n<p>Vi kan ocks\u00e5 samla in information som din webbl\u00e4sare skickar n\u00e4r du bes\u00f6ker v\u00e5r tj\u00e4nst eller n\u00e4r du anv\u00e4nder tj\u00e4nsten via eller via en mobil enhet.<\/p>\n<p><strong>Sp\u00e5rningstekniker och cookies<\/strong><br \/>\nVi anv\u00e4nder cookies och liknande sp\u00e5rningstekniker f\u00f6r att sp\u00e5ra aktiviteten p\u00e5 v\u00e5r tj\u00e4nst och lagra viss information. Sp\u00e5rningstekniker som anv\u00e4nds \u00e4r beacons, taggar och skript f\u00f6r att samla in och sp\u00e5ra information och f\u00f6r att f\u00f6rb\u00e4ttra och analysera v\u00e5r tj\u00e4nst. Teknikerna vi anv\u00e4nder kan vara:<\/p>\n<p>Cookies eller webbl\u00e4sarcookies. En cookie \u00e4r en liten fil som placeras p\u00e5 din enhet. Du kan instruera din webbl\u00e4sare att v\u00e4gra alla cookies eller att indikera n\u00e4r en cookie skickas. Men om du inte accepterar cookies kanske du inte kan anv\u00e4nda vissa delar av v\u00e5r tj\u00e4nst. Om du inte har justerat din webbl\u00e4sarinst\u00e4llning s\u00e5 att den v\u00e4grar cookies, kan v\u00e5r tj\u00e4nst anv\u00e4nda cookies.<br \/>\nWebbeacons. Vissa delar av v\u00e5r tj\u00e4nst och v\u00e5ra e-postmeddelanden kan inneh\u00e5lla sm\u00e5 elektroniska filer som kallas webbfyrar (\u00e4ven kallade klara gifs, pixeltaggar och single-pixel gifs) som till\u00e5ter f\u00f6retaget att till exempel r\u00e4kna anv\u00e4ndare som har bes\u00f6kt dessa sidor eller \u00f6ppnat ett e-postmeddelande och f\u00f6r annan relaterad webbplatsstatistik (till exempel registrerar populariteten f\u00f6r ett visst avsnitt och verifierar systemets och serverns integritet).<br \/>\nCookies kan vara &#8220;best\u00e4ndiga&#8221; eller &#8220;sessions&#8221;-cookies. Best\u00e4ndiga cookies finns kvar p\u00e5 din persondator eller mobila enhet n\u00e4r du g\u00e5r offline, medan sessionscookies raderas s\u00e5 snart du st\u00e4nger din webbl\u00e4sare. L\u00e4s mer om cookies i artikeln om gratis sekretesspolicy.<\/p>\n<p>Vi anv\u00e4nder b\u00e5de sessions- och best\u00e4ndiga cookies f\u00f6r de syften som anges nedan:<\/p>\n<p><strong>N\u00f6dv\u00e4ndiga\/n\u00f6dv\u00e4ndiga cookies<\/strong><\/p>\n<p>Typ: Sessionscookies<\/p>\n<p>Administreras av: Oss<\/p>\n<p>Syfte: Dessa cookies \u00e4r viktiga f\u00f6r att ge dig tj\u00e4nster som \u00e4r tillg\u00e4ngliga via webbplatsen och f\u00f6r att du ska kunna anv\u00e4nda n\u00e5gra av dess funktioner. De hj\u00e4lper till att autentisera anv\u00e4ndare och f\u00f6rhindra bedr\u00e4glig anv\u00e4ndning av anv\u00e4ndarkonton. Utan dessa cookies kan de tj\u00e4nster som du har bett om inte tillhandah\u00e5llas, och vi anv\u00e4nder endast dessa cookies f\u00f6r att tillhandah\u00e5lla dig dessa tj\u00e4nster.<\/p>\n<p><strong>Cookiespolicy \/ Acceptans av meddelande Cookies<\/strong><\/p>\n<p>Typ: Best\u00e4ndiga cookies<\/p>\n<p>Administreras av: Oss<\/p>\n<p>Syfte: Dessa cookies identifierar om anv\u00e4ndare har accepterat anv\u00e4ndningen av cookies p\u00e5 webbplatsen.<\/p>\n<p><strong>Funktionscookies<\/strong><\/p>\n<p>Typ: Best\u00e4ndiga cookies<\/p>\n<p>Administreras av: Oss<\/p>\n<p>Syfte: Dessa cookies till\u00e5ter oss att komma ih\u00e5g val du g\u00f6r n\u00e4r du anv\u00e4nder webbplatsen, s\u00e5som att komma ih\u00e5g dina inloggningsuppgifter eller spr\u00e5kinst\u00e4llningar. Syftet med dessa cookies \u00e4r att ge dig en mer personlig upplevelse och att undvika att du beh\u00f6ver ange dina inst\u00e4llningar igen varje g\u00e5ng du anv\u00e4nder webbplatsen.<\/p>\n<p>F\u00f6r mer information om de cookies vi anv\u00e4nder och dina val ang\u00e5ende cookies, v\u00e4nligen bes\u00f6k v\u00e5r Cookiepolicy eller avsnittet Cookies i v\u00e5r Sekretesspolicy.<\/p>\n<p><strong>Anv\u00e4ndning av dina personuppgifter<\/strong><br \/>\nF\u00f6retaget kan anv\u00e4nda personuppgifter f\u00f6r f\u00f6ljande \u00e4ndam\u00e5l:<\/p>\n<p><strong>F\u00f6r att tillhandah\u00e5lla och underh\u00e5lla v\u00e5r tj\u00e4nst,<\/strong> inklusive att \u00f6vervaka anv\u00e4ndningen av v\u00e5r tj\u00e4nst.<\/p>\n<p><strong>F\u00f6r att hantera ditt konto:<\/strong> f\u00f6r att hantera din registrering som anv\u00e4ndare av tj\u00e4nsten. De personuppgifter du tillhandah\u00e5ller kan ge dig tillg\u00e5ng till olika funktioner i Tj\u00e4nsten som \u00e4r tillg\u00e4ngliga f\u00f6r dig som registrerad anv\u00e4ndare.<\/p>\n<p><strong>F\u00f6r utf\u00f6rande av ett kontrakt:<\/strong> utveckling, efterlevnad och genomf\u00f6rande av k\u00f6pekontraktet f\u00f6r de produkter, f\u00f6rem\u00e5l eller tj\u00e4nster som du har k\u00f6pt eller av n\u00e5got annat avtal med oss \u200b\u200bgenom tj\u00e4nsten.<\/p>\n<p><strong>F\u00f6r att kontakta dig:<\/strong> F\u00f6r att kontakta dig via e-post, telefonsamtal, SMS eller andra likv\u00e4rdiga former av elektronisk kommunikation, s\u00e5som en mobilapplikations push-meddelanden ang\u00e5ende uppdateringar eller informativ kommunikation relaterad till funktionerna, produkterna eller avtalade tj\u00e4nsterna, inklusive s\u00e4kerhetsuppdateringarna, n\u00e4r det \u00e4r n\u00f6dv\u00e4ndigt eller rimligt f\u00f6r genomf\u00f6randet.<\/p>\n<p><strong>F\u00f6r att f\u00f6rse dig med nyheter,<\/strong> specialerbjudanden och allm\u00e4n information om andra varor, tj\u00e4nster och evenemang som vi erbjuder som liknar dem som du redan har k\u00f6pt eller fr\u00e5gat om s\u00e5vida du inte har valt att inte ta emot s\u00e5dan information.<\/p>\n<p><strong>F\u00f6r att hantera dina f\u00f6rfr\u00e5gningar:<\/strong> F\u00f6r att delta och hantera dina f\u00f6rfr\u00e5gningar till oss.<\/p>\n<p><strong>F\u00f6r f\u00f6retags\u00f6verl\u00e5telser:<\/strong> Vi kan anv\u00e4nda din information f\u00f6r att utv\u00e4rdera eller genomf\u00f6ra en fusion, avyttring, omstrukturering, omorganisation, uppl\u00f6sning eller annan f\u00f6rs\u00e4ljning eller \u00f6verf\u00f6ring av n\u00e5gra eller alla av v\u00e5ra tillg\u00e5ngar, vare sig som ett fortsatt f\u00f6retag eller som en del av konkurs, likvidation, eller liknande f\u00f6rfarande, d\u00e4r personuppgifter som innehas av oss om v\u00e5ra tj\u00e4nstanv\u00e4ndare \u00e4r bland de tillg\u00e5ngar som \u00f6verf\u00f6rs.<\/p>\n<p><strong>F\u00f6r andra \u00e4ndam\u00e5l:<\/strong> Vi kan anv\u00e4nda din information f\u00f6r andra \u00e4ndam\u00e5l, s\u00e5som dataanalys, identifiera anv\u00e4ndningstrender, fastst\u00e4lla effektiviteten av v\u00e5ra reklamkampanjer och f\u00f6r att utv\u00e4rdera och f\u00f6rb\u00e4ttra v\u00e5r tj\u00e4nst, produkter, tj\u00e4nster, marknadsf\u00f6ring och din upplevelse.<\/p>\n<p>Vi kan komma att dela din personliga information i f\u00f6ljande situationer:<\/p>\n<p>Med tj\u00e4nsteleverant\u00f6rer: Vi kan komma att dela din personliga information med tj\u00e4nsteleverant\u00f6rer f\u00f6r att \u00f6vervaka och analysera anv\u00e4ndningen av v\u00e5r tj\u00e4nst, f\u00f6r att kontakta dig.<br \/>\nF\u00f6r f\u00f6retags\u00f6verl\u00e5telser: Vi kan komma att dela eller \u00f6verf\u00f6ra din personliga information i samband med, eller under f\u00f6rhandlingar om, eventuell fusion, f\u00f6rs\u00e4ljning av f\u00f6retagets tillg\u00e5ngar, finansiering eller f\u00f6rv\u00e4rv av hela eller en del av v\u00e5r verksamhet till ett annat f\u00f6retag.<br \/>\nMed affiliates: Vi kan komma att dela din information med v\u00e5ra affiliates, i vilket fall vi kommer att kr\u00e4va att dessa affiliates respekterar denna integritetspolicy. Affiliates inkluderar v\u00e5rt moderbolag och alla andra dotterbolag, joint venture-partners eller andra f\u00f6retag som vi kontrollerar eller som st\u00e5r under gemensam kontroll med oss.<br \/>\nMed aff\u00e4rspartners: Vi kan komma att dela din information med v\u00e5ra aff\u00e4rspartners f\u00f6r att erbjuda dig vissa produkter, tj\u00e4nster eller kampanjer.<br \/>\nMed andra anv\u00e4ndare: n\u00e4r du delar personlig information eller p\u00e5 annat s\u00e4tt interagerar i de offentliga omr\u00e5dena med andra anv\u00e4ndare, kan s\u00e5dan information ses av alla anv\u00e4ndare och kan distribueras offentligt utanf\u00f6r.<br \/>\nMed ditt samtycke: Vi kan komma att avsl\u00f6ja din personliga information f\u00f6r andra \u00e4ndam\u00e5l med ditt samtycke.<br \/>\nLagring av dina personuppgifter<br \/>\nF\u00f6retaget kommer att beh\u00e5lla dina personuppgifter endast s\u00e5 l\u00e4nge som \u00e4r n\u00f6dv\u00e4ndigt f\u00f6r de syften som anges i denna integritetspolicy. Vi kommer att beh\u00e5lla och anv\u00e4nda dina personuppgifter i den utstr\u00e4ckning det \u00e4r n\u00f6dv\u00e4ndigt f\u00f6r att uppfylla v\u00e5ra juridiska skyldigheter (till exempel om vi \u00e4r skyldiga att beh\u00e5lla dina uppgifter f\u00f6r att f\u00f6lja till\u00e4mpliga lagar), l\u00f6sa tvister och uppr\u00e4tth\u00e5lla v\u00e5ra juridiska avtal och policyer.<\/p>\n<p>F\u00f6retaget kommer ocks\u00e5 att beh\u00e5lla anv\u00e4ndningsdata f\u00f6r interna analys\u00e4ndam\u00e5l. Anv\u00e4ndningsdata bevaras i allm\u00e4nhet under en kortare tid, f\u00f6rutom n\u00e4r dessa data anv\u00e4nds f\u00f6r att st\u00e4rka s\u00e4kerheten eller f\u00f6r att f\u00f6rb\u00e4ttra funktionaliteten hos v\u00e5r tj\u00e4nst, eller n\u00e4r vi \u00e4r juridiskt skyldiga att beh\u00e5lla dessa uppgifter under l\u00e4ngre tidsperioder.<\/p>\n<p>\u00d6verf\u00f6ring av dina personuppgifter<br \/>\nDin information, inklusive personuppgifter, behandlas p\u00e5 f\u00f6retagets verksamhetskontor och p\u00e5 alla andra platser d\u00e4r de parter som \u00e4r involverade i behandlingen finns. Det betyder att denna information kan \u00f6verf\u00f6ras till \u2013 och underh\u00e5llas p\u00e5 \u2013 datorer utanf\u00f6r din stat, provins, land eller annan statlig jurisdiktion d\u00e4r dataskyddslagarna kan skilja sig fr\u00e5n de fr\u00e5n din jurisdiktion.<\/p>\n<p>Ditt samtycke till denna integritetspolicy f\u00f6ljt av ditt inl\u00e4mnande av s\u00e5dan information representerar ditt samtycke till den \u00f6verf\u00f6ringen.<\/p>\n<p>F\u00f6retaget kommer att vidta alla \u00e5tg\u00e4rder som rimligen \u00e4r n\u00f6dv\u00e4ndiga f\u00f6r att s\u00e4kerst\u00e4lla att dina uppgifter behandlas s\u00e4kert och i enlighet med denna sekretesspolicy och ingen \u00f6verf\u00f6ring av dina personuppgifter kommer att ske till en organisation eller ett land om det inte finns tillr\u00e4ckliga kontroller p\u00e5 plats, inklusive s\u00e4kerheten f\u00f6r Dina uppgifter och annan personlig information.<\/p>\n<p>Radera dina personuppgifter<br \/>\nDu har r\u00e4tt att radera eller beg\u00e4ra att vi hj\u00e4lper till med att radera de personuppgifter som vi har samlat in om dig.<\/p>\n<p>V\u00e5r tj\u00e4nst kan ge dig m\u00f6jligheten att radera viss information om dig fr\u00e5n tj\u00e4nsten.<\/p>\n<p>Du kan uppdatera, \u00e4ndra eller radera din information n\u00e4r som helst genom att logga in p\u00e5 ditt konto, om du har ett, och bes\u00f6ka avsnittet med kontoinst\u00e4llningar som l\u00e5ter dig hantera din personliga information. Du kan ocks\u00e5 kontakta oss f\u00f6r att beg\u00e4ra tillg\u00e5ng till, korrigera eller radera all personlig information som du har l\u00e4mnat till oss.<\/p>\n<p>Observera dock att vi kan beh\u00f6va beh\u00e5lla viss information n\u00e4r vi har en juridisk skyldighet eller laglig grund att g\u00f6ra det.<\/p>\n<p><strong>Avsl\u00f6jande av dina personuppgifter<\/strong><br \/>\nAff\u00e4rstransaktioner<br \/>\nOm f\u00f6retaget \u00e4r involverat i en fusion, f\u00f6rv\u00e4rv eller f\u00f6rs\u00e4ljning av tillg\u00e5ngar kan dina personuppgifter \u00f6verf\u00f6ras. Vi kommer att meddela innan dina personuppgifter \u00f6verf\u00f6rs och blir f\u00f6rem\u00e5l f\u00f6r en annan integritetspolicy.<\/p>\n<p><strong>Brottsbek\u00e4mpning<\/strong><br \/>\nUnder vissa omst\u00e4ndigheter kan f\u00f6retaget beh\u00f6va l\u00e4mna ut dina personuppgifter om det kr\u00e4vs enligt lag eller som svar p\u00e5 giltiga f\u00f6rfr\u00e5gningar fr\u00e5n offentliga myndigheter (t.ex. en domstol eller en statlig myndighet).<\/p>\n<p><strong>Andra lagkrav<\/strong><br \/>\nF\u00f6retaget kan avsl\u00f6ja dina personuppgifter i god tro att en s\u00e5dan \u00e5tg\u00e4rd \u00e4r n\u00f6dv\u00e4ndig f\u00f6r att:<\/p>\n<p><strong>F\u00f6lj en laglig skyldighet<\/strong><br \/>\nSkydda och f\u00f6rsvara f\u00f6retagets r\u00e4ttigheter eller egendom<br \/>\nF\u00f6rhindra eller unders\u00f6ka eventuella fel i samband med tj\u00e4nsten<br \/>\nSkydda den personliga s\u00e4kerheten f\u00f6r anv\u00e4ndare av tj\u00e4nsten eller allm\u00e4nheten<br \/>\nSkydda mot juridiskt ansvar<br \/>\nS\u00e4kerhet f\u00f6r dina personuppgifter<br \/>\nS\u00e4kerheten f\u00f6r dina personuppgifter \u00e4r viktig f\u00f6r oss, men kom ih\u00e5g att ingen metod f\u00f6r \u00f6verf\u00f6ring \u00f6ver Internet eller metod f\u00f6r elektronisk lagring \u00e4r 100 % s\u00e4ker. \u00c4ven om vi str\u00e4var efter att anv\u00e4nda kommersiellt acceptabla metoder f\u00f6r att skydda dina personuppgifter, kan vi inte garantera dess absoluta s\u00e4kerhet.<\/p>\n<p><strong>Barns integritet<\/strong><br \/>\nV\u00e5r tj\u00e4nst v\u00e4nder sig inte till n\u00e5gon under 13 \u00e5r. Vi samlar inte medvetet in personligt identifierbar information fr\u00e5n n\u00e5gon under 13 \u00e5r. Om du \u00e4r f\u00f6r\u00e4lder eller v\u00e5rdnadshavare och du \u00e4r medveten om att ditt barn har f\u00f6rsett oss med personuppgifter, v\u00e4nligen kontakta oss. Om vi \u200b\u200bblir medvetna om att vi har samlat in personuppgifter fr\u00e5n n\u00e5gon under 13 \u00e5r utan verifiering av f\u00f6r\u00e4ldrarnas samtycke, vidtar vi \u00e5tg\u00e4rder f\u00f6r att ta bort den informationen fr\u00e5n v\u00e5ra servrar.<\/p>\n<p>Om vi \u200b\u200bbeh\u00f6ver f\u00f6rlita oss p\u00e5 samtycke som en r\u00e4ttslig grund f\u00f6r att behandla din information och ditt land kr\u00e4ver samtycke fr\u00e5n en f\u00f6r\u00e4lder, kan vi kr\u00e4va din f\u00f6r\u00e4lders samtycke innan vi samlar in och anv\u00e4nder den informationen.<\/p>\n<p><strong>L\u00e4nkar till andra webbplatser<\/strong><br \/>\nV\u00e5r tj\u00e4nst kan inneh\u00e5lla l\u00e4nkar till andra webbplatser som inte drivs av oss. Om du klickar p\u00e5 en tredje parts l\u00e4nk kommer du att dirigeras till den tredje parts webbplats. Vi rekommenderar dig starkt att l\u00e4sa sekretesspolicyn f\u00f6r varje webbplats du bes\u00f6ker.<\/p>\n<p>Vi har ingen kontroll \u00f6ver och tar inget ansvar f\u00f6r inneh\u00e5llet, integritetspolicyn eller praxis p\u00e5 tredje parts webbplatser eller tj\u00e4nster.<\/p>\n<p><strong>\u00c4ndringar av denna integritetspolicy<\/strong><br \/>\nVi kan uppdatera v\u00e5r integritetspolicy d\u00e5 och d\u00e5. Vi kommer att meddela dig om eventuella \u00e4ndringar genom att publicera den nya integritetspolicyn p\u00e5 denna sida.<\/p>\n<p>Vi kommer att meddela dig via e-post och\/eller ett framtr\u00e4dande meddelande om v\u00e5r tj\u00e4nst, innan \u00e4ndringen tr\u00e4der i kraft och uppdaterar datumet &#8220;Senast uppdaterad&#8221; h\u00f6gst upp i denna sekretesspolicy.<\/p>\n<p>Du rekommenderas att granska denna integritetspolicy med j\u00e4mna mellanrum f\u00f6r eventuella \u00e4ndringar. \u00c4ndringar av denna integritetspolicy tr\u00e4der i kraft n\u00e4r de publiceras p\u00e5 denna sida.<\/p>\n<p><strong>Kontakta oss<\/strong><br \/>\nOm du har n\u00e5gra fr\u00e5gor om denna integritetspolicy kan du kontakta oss:<\/p>\n<p>Via e-post: contact@Couponcrafts.com<\/p>\n","protected":false},"excerpt":{"rendered":"<p>Senast uppdaterad: 1 januari 2024 Denna integritetspolicy beskriver v\u00e5ra policyer och procedurer f\u00f6r insamling, anv\u00e4ndning och avsl\u00f6jande av din information n\u00e4r du anv\u00e4nder tj\u00e4nsten och ber\u00e4ttar om dina integritetsr\u00e4ttigheter och hur lagen skyddar dig. Vi anv\u00e4nder dina personuppgifter f\u00f6r att tillhandah\u00e5lla och f\u00f6rb\u00e4ttra Tj\u00e4nsten. Genom att anv\u00e4nda tj\u00e4nsten samtycker du till insamling och anv\u00e4ndning av [&hellip;]<\/p>\n","protected":false},"author":2,"featured_media":0,"parent":0,"menu_order":3,"comment_status":"closed","ping_status":"closed","template":"","meta":{"_acf_changed":false,"footnotes":""},"class_list":["post-281","page","type-page","status-publish","hentry"],"acf":[],"_links":{"self":[{"href":"https:\/\/couponcrafts.com\/se\/wp-json\/wp\/v2\/pages\/281"}],"collection":[{"href":"https:\/\/couponcrafts.com\/se\/wp-json\/wp\/v2\/pages"}],"about":[{"href":"https:\/\/couponcrafts.com\/se\/wp-json\/wp\/v2\/types\/page"}],"author":[{"embeddable":true,"href":"https:\/\/couponcrafts.com\/se\/wp-json\/wp\/v2\/users\/2"}],"replies":[{"embeddable":true,"href":"https:\/\/couponcrafts.com\/se\/wp-json\/wp\/v2\/comments?post=281"}],"version-history":[{"count":8,"href":"https:\/\/couponcrafts.com\/se\/wp-json\/wp\/v2\/pages\/281\/revisions"}],"predecessor-version":[{"id":750,"href":"https:\/\/couponcrafts.com\/se\/wp-json\/wp\/v2\/pages\/281\/revisions\/750"}],"wp:attachment":[{"href":"https:\/\/couponcrafts.com\/se\/wp-json\/wp\/v2\/media?parent=281"}],"curies":[{"name":"wp","href":"https:\/\/api.w.org\/{rel}","templated":true}]}}