{"id":283,"date":"2023-12-14T06:48:44","date_gmt":"2023-12-14T06:48:44","guid":{"rendered":"https:\/\/couponcrafts.com\/se\/?page_id=283"},"modified":"2024-08-13T13:39:59","modified_gmt":"2024-08-13T13:39:59","slug":"anvandarvillkor","status":"publish","type":"page","link":"https:\/\/couponcrafts.com\/se\/anvandarvillkor\/","title":{"rendered":"Anv\u00e4ndarvillkor"},"content":{"rendered":"<p>V\u00e4lkommen till <strong>couponcrafts.com.<\/strong> Dessa anv\u00e4ndarvillkor (&#8220;<strong>Villkoren<\/strong>&#8220;) \u00e4r ett bindande juridiskt avtal mellan dig och couponcrafts.com Inc. (&#8220;couponcrafts.com&#8221; eller &#8220;vi&#8221;, &#8220;oss&#8221;, &#8220;v\u00e5r&#8221;), ang\u00e5ende din anv\u00e4ndning av couponcrafts. com webbplats och tj\u00e4nster p\u00e5 couponcrafts.com och andra webbplatser som \u00e4gs och drivs av couponcrafts.com i den utstr\u00e4ckning som \u00e4r till\u00e4mplig (webbplatsen och tj\u00e4nsterna kallas gemensamt f\u00f6r &#8220;Tj\u00e4nsten&#8221;). L\u00e4s detta avtal noggrant.<\/p>\n<p>Vi kan med j\u00e4mna mellanrum g\u00f6ra \u00e4ndringar i dessa villkor. Genom att komma \u00e5t eller anv\u00e4nda tj\u00e4nsten accepterar du detta avtal och alla \u00e4ndringar som vi kan g\u00f6ra i avtalet. Det \u00e4r ditt ansvar att granska den senaste versionen av Villkoren ofta och h\u00e5lla dig informerad om eventuella \u00e4ndringar av den. Om du inte godk\u00e4nner n\u00e5gon best\u00e4mmelse i dessa villkor b\u00f6r du inte anv\u00e4nda tj\u00e4nsten.<\/p>\n<p>Observera att couponcrafts.com har ekonomiska relationer med n\u00e5gra av de handlare som listas p\u00e5 v\u00e5r webbplats. couponcrafts.com kan komma att kompenseras om konsumenter v\u00e4ljer att anv\u00e4nda n\u00e5gra av l\u00e4nkarna som finns i inneh\u00e5llet p\u00e5 denna webbplats och generera f\u00f6rs\u00e4ljning f\u00f6r n\u00e4mnda handlare.<\/p>\n<p><strong>1. Upphovsr\u00e4tt och begr\u00e4nsad licens<\/strong><\/p>\n<p>Tj\u00e4nsten och all information, data och annat inneh\u00e5ll och material som \u00e4r tillg\u00e4ngligt p\u00e5 Tj\u00e4nsten, inklusive, utan begr\u00e4nsning, couponcrafts.com-logotypen och all design, text, dokument, grafik, programvara, videor, ljudfiler, andra filer och urval och arrangemang d\u00e4rav (gemensamt, &#8220;Inneh\u00e5ll&#8221;), \u00e4r couponcrafts.coms och dess leverant\u00f6rers och licensgivares egendom och skyddas av amerikanska och internationella upphovsr\u00e4ttslagar.<\/p>\n<p>Om du f\u00f6ljer alla villkor och villkor i dessa villkor, ger couponcrafts.com dig en begr\u00e4nsad, personlig, \u00e5terkallbar, icke-\u00f6verl\u00e5tbar och icke-exklusiv licens f\u00f6r att f\u00e5 tillg\u00e5ng till tj\u00e4nsten och att elektroniskt kopiera (f\u00f6rutom d\u00e4r det \u00e4r f\u00f6rbjudet utan licens) och skriva ut delar av inneh\u00e5llet p\u00e5 papperskopia endast f\u00f6r dina personliga och icke-kommersiella \u00e4ndam\u00e5l. Tj\u00e4nsten \u00e4r till f\u00f6r ditt personliga bruk och inte f\u00f6r \u00e5terf\u00f6rs\u00e4ljning eller vidare distribution. Denna licens kan \u00e5terkallas n\u00e4r som helst.<br \/>\nOm inte annat uttryckligen anges i detta avtal eller som uttryckligen till\u00e5ts av till\u00e4mplig lag, kommer du inte, och kommer inte att till\u00e5ta eller till\u00e5ta tredje part att: (a) reproducera, modifiera, \u00f6vers\u00e4tta, f\u00f6rb\u00e4ttra, dekompilera, demontera, bak\u00e5tkonstruera, eller skapa h\u00e4rledda verk av Tj\u00e4nsten; (b) hyra ut, leasa eller underlicensiera \u00e5tkomst till tj\u00e4nsten; inte heller (c) kringg\u00e5 eller inaktivera n\u00e5gra s\u00e4kerhets- eller tekniska funktioner eller \u00e5tg\u00e4rder f\u00f6r Tj\u00e4nsten.<\/p>\n<p><strong>2. Tj\u00e4nsten<\/strong><\/p>\n<p>Vi tillhandah\u00e5ller onlinekuponger till v\u00e5ra anv\u00e4ndare. couponcrafts.com ansvarar inte f\u00f6r inl\u00f6sen, fel, utel\u00e4mnanden eller utg\u00e5ngen av onlinekuponger. Det \u00e4r ditt ansvar att se till att en rabatt, specialpris eller gratiserbjudande finns i kassaprocessen p\u00e5 den till\u00e4mpliga s\u00e4ljarens webbplats. Alla erbjudanden och kampanjer som presenteras som en del av Tj\u00e4nsten kan \u00e4ndras utan f\u00f6reg\u00e5ende meddelande och vi har ingen kontroll \u00f6ver lagligheten av n\u00e5gra kuponger eller m\u00f6jligheten f\u00f6r n\u00e5gon handlare att slutf\u00f6ra f\u00f6rs\u00e4ljningen i enlighet med erbjudandena.<\/p>\n<p><strong>3. Kontoregistrering<\/strong><\/p>\n<p>Du kan registrera dig f\u00f6r och underh\u00e5lla ett konto f\u00f6r att f\u00e5 tillg\u00e5ng till ytterligare funktioner, som att r\u00f6sta p\u00e5 erbjudanden, l\u00e4gga upp kommentarer och skicka in dina kupongerbjudanden till tj\u00e4nsten. N\u00e4r du registrerar dig samtycker du till att (a) tillhandah\u00e5lla korrekt, aktuell och fullst\u00e4ndig information om dig enligt registreringsformul\u00e4r p\u00e5 tj\u00e4nsten (&#8220;Registreringsdata&#8221;); (b) uppr\u00e4tth\u00e5lla s\u00e4kerheten f\u00f6r alla inloggningar, l\u00f6senord eller andra referenser som du v\u00e4ljer eller som tillhandah\u00e5lls dig f\u00f6r anv\u00e4ndning p\u00e5 Tj\u00e4nsten; och (c) underh\u00e5lla och omedelbart uppdatera registreringsdata och all annan information du tillhandah\u00e5ller findmepromos.com, och f\u00f6r att h\u00e5lla all s\u00e5dan information korrekt, aktuell och fullst\u00e4ndig. Du kommer omedelbart att meddela oss om all obeh\u00f6rig anv\u00e4ndning av ditt konto eller andra s\u00e4kerhetsbrott.<\/p>\n<p><strong>4. Anv\u00e4ndningsbegr\u00e4nsningar<\/strong><\/p>\n<p>Du kommer inte: (a) anv\u00e4nda denna tj\u00e4nst f\u00f6r n\u00e5got kommersiellt syfte; (b) komma \u00e5t, \u00f6vervaka eller kopiera allt inneh\u00e5ll eller information p\u00e5 Tj\u00e4nsten med hj\u00e4lp av n\u00e5gon robot, spindel, skrapa eller andra automatiserade medel eller n\u00e5gon manuell process f\u00f6r n\u00e5got syfte utan v\u00e5rt uttryckliga skriftliga tillst\u00e5nd; (c) bryta mot begr\u00e4nsningarna i rubriker f\u00f6r uteslutning av robotar p\u00e5 tj\u00e4nsten eller kringg\u00e5 eller kringg\u00e5 andra \u00e5tg\u00e4rder som anv\u00e4nds f\u00f6r att f\u00f6rhindra eller begr\u00e4nsa \u00e5tkomst till tj\u00e4nsten; (d) vidta n\u00e5gon \u00e5tg\u00e4rd som \u00e5l\u00e4gger, eller kan \u00e5l\u00e4gga, efter v\u00e5rt gottfinnande, en orimlig eller oproportionerligt stor belastning p\u00e5 v\u00e5r infrastruktur; (e) djupl\u00e4nka till n\u00e5gon del av tj\u00e4nsten (inklusive, utan begr\u00e4nsning, direktl\u00e4nken till en kupong) f\u00f6r vilket \u00e4ndam\u00e5l som helst utan v\u00e5rt uttryckliga skriftliga tillst\u00e5nd; eller<br \/>\n(f) &#8220;rama&#8221;, &#8220;spegla&#8221; eller p\u00e5 annat s\u00e4tt inf\u00f6rliva n\u00e5gon del av tj\u00e4nsten p\u00e5 n\u00e5gon annan webbplats utan v\u00e5rt skriftliga tillst\u00e5nd i f\u00f6rv\u00e4g; eller (g) avsiktligt eller oavsiktligt bryta mot n\u00e5gon till\u00e4mplig lokal, statlig, nationell eller internationell lag eller f\u00f6rordning.<\/p>\n<p><strong>5. Interaktiva tj\u00e4nster<\/strong><\/p>\n<p>Tj\u00e4nsten kan inneh\u00e5lla interaktiva funktioner och tj\u00e4nster, inklusive sociala n\u00e4tverksfunktioner, forum, anslagstavlor, betygs- eller recensionsfunktioner och liknande tj\u00e4nster, d\u00e4r du eller tredje part kan skicka meddelanden till tj\u00e4nstens anv\u00e4ndare och skapa, l\u00e4gga upp eller lagra kuponger, profildata, bilder, betyg eller recensioner och annat inneh\u00e5ll p\u00e5 tj\u00e4nsten (&#8220;Interaktiva tj\u00e4nster&#8221;). Du \u00e4r ensam ansvarig f\u00f6r din anv\u00e4ndning av interaktiva tj\u00e4nster och anv\u00e4nder dem p\u00e5 egen risk. Genom att anv\u00e4nda n\u00e5gon interaktiv tj\u00e4nst samtycker du till att inte l\u00e4gga upp, \u00f6verf\u00f6ra, distribuera, ladda upp eller p\u00e5 annat s\u00e4tt sprida genom tj\u00e4nsten n\u00e5got av f\u00f6ljande:<\/p>\n<p>* Material som \u00e4r olagligt, \u00e4rekr\u00e4nkande, \u00e4rekr\u00e4nkande, obscent, pornografiskt, oanst\u00e4ndigt, oanst\u00e4ndigt, suggestivt, trakasserande, hotfullt, inkr\u00e4ktande p\u00e5 integritets- eller publicitetsr\u00e4ttigheter, kr\u00e4nkande, inflammatoriskt eller bedr\u00e4gligt;<br \/>\n* Material som bryter mot, eller som f\u00e5r couponcrafts.com eller dess dotterbolag eller dotterbolag att bryta mot, n\u00e5gon till\u00e4mplig lag, f\u00f6rordning eller order fr\u00e5n n\u00e5gon statlig myndighet i n\u00e5gon jurisdiktion;<br \/>\n* Material som g\u00f6r intr\u00e5ng, eller som kan g\u00f6ra intr\u00e5ng i, patent, varum\u00e4rke, aff\u00e4rshemlighet, upphovsr\u00e4tt eller annan intellektuell eller \u00e4gander\u00e4tt som tillh\u00f6r n\u00e5gon part, eller som du p\u00e5 annat s\u00e4tt inte har r\u00e4tt att g\u00f6ra tillg\u00e4ngligt;<br \/>\n* Privat eller konfidentiell information om n\u00e5gon person eller enhet, inklusive, utan begr\u00e4nsning, adresser, telefonnummer, e-postadresser, personnummer, kreditkortsnummer och alla aff\u00e4rshemligheter eller information f\u00f6r vilka du har n\u00e5gon skyldighet till konfidentialitet eller material som utger sig f\u00f6r att vara n\u00e5gon person eller enhet, eller ger en felaktig bild av din anknytning till tj\u00e4nsten eller med n\u00e5gon annan person eller enhet;<br \/>\n* Material som \u00e4r eller inneh\u00e5ller n\u00e5gon reklam eller uppmaning, inklusive, utan begr\u00e4nsning, l\u00e4nkar till kommersiella produkter eller tj\u00e4nster eller n\u00e5gon politisk kampanj (f\u00f6rutom i delar av tj\u00e4nsten som uttryckligen anges som delar d\u00e4r s\u00e5dant material \u00e4r till\u00e5tet, s\u00e5som inl\u00e4gget av kuponger fr\u00e5n icke-kommersiella anv\u00e4ndare);<br \/>\n* Kommentarer som p\u00e5 n\u00e5got s\u00e4tt avser personer under 18 \u00e5r;<br \/>\n* Personlig information om vilken anv\u00e4ndare som helst;<br \/>\n* Virus, korrupta data eller andra skadliga, st\u00f6rande eller destruktiva filer; eller<br \/>\n* Material som, enligt findmepromos.coms enda bed\u00f6mning, \u00e4r st\u00f6tande, begr\u00e4nsar eller hindrar n\u00e5gon person eller enhet fr\u00e5n att anv\u00e4nda eller njuta av interaktiva tj\u00e4nster eller andra delar av tj\u00e4nsten, eller som kan uts\u00e4tta couponcrafts.com eller dess anv\u00e4ndare f\u00f6r skada eller ansvar av n\u00e5got slag.<br \/>\n* couponcrafts.com tar inget ansvar och tar inget ansvar f\u00f6r material som postats, lagrats eller laddats upp av dig eller n\u00e5gon tredje part, eller f\u00f6r f\u00f6rlust eller skada p\u00e5 detta. \u00c4ven om couponcrafts.com inte har n\u00e5gon skyldighet att granska, redigera eller \u00f6vervaka n\u00e5got material som publicerats p\u00e5 eller \u00f6verf\u00f6rts via tj\u00e4nsten, f\u00f6rbeh\u00e5ller sig couponcrafts.com r\u00e4tten, och har absolut gottfinnande, att ta bort, screena och redigera allt material som publicerats, lagrats eller \u00f6verf\u00f6rs p\u00e5 eller genom Tj\u00e4nsten n\u00e4r som helst och av vilken anledning som helst utan f\u00f6reg\u00e5ende meddelande.<\/p>\n<p>Om du l\u00e4gger upp material p\u00e5 eller genom Tj\u00e4nsten, d\u00e5, om inte couponcrafts.com anger annat, (a) beviljar du couponcrafts.com och dess dotterbolag och dotterbolag en icke-exklusiv, royaltyfri, evig, o\u00e5terkallelig och helt underlicenserbar r\u00e4tt att anv\u00e4nda, reproducera, modifiera, anpassa, publicera, \u00f6vers\u00e4tta, skapa h\u00e4rledda verk fr\u00e5n, distribuera, framf\u00f6ra och visa s\u00e5dant material \u00f6ver hela v\u00e4rlden i alla media; (b) ge couponcrafts.com och dess dotterbolag, dotterbolag och underlicenstagare r\u00e4tten att anv\u00e4nda namnet som du skickar i samband med s\u00e5dant material, om de s\u00e5 \u00f6nskar; och (c) representerar och garanterar att du \u00e4ger och kontrollerar alla r\u00e4ttigheter till materialet som du publicerar, eller att du p\u00e5 annat s\u00e4tt har r\u00e4tt att publicera s\u00e5dant material till Tj\u00e4nsten; och anv\u00e4ndningen och publiceringen av material som du tillhandah\u00e5ller bryter inte mot dessa villkor, kommer inte att kr\u00e4nka n\u00e5gra r\u00e4ttigheter f\u00f6r eller orsaka skada p\u00e5 n\u00e5gon person eller enhet, och kommer inte p\u00e5 annat s\u00e4tt att skapa n\u00e5gon skada eller ansvar av n\u00e5got slag f\u00f6r couponcrafts.com eller f\u00f6r tredje part .<\/p>\n<p><strong>6. Inl\u00e4mningar<\/strong><\/p>\n<p>Du bekr\u00e4ftar och samtycker till att allt material, inklusive men inte begr\u00e4nsat till kuponger, kommentarer, f\u00f6rslag, id\u00e9er eller annan information, tillhandah\u00e5lls av dig i form av e-post eller andra inl\u00e4mningar till couponcrafts.com (exklusive material som du l\u00e4gger upp p\u00e5 tj\u00e4nsten i i enlighet med dessa villkor), \u00e4r icke-konfidentiella och ska bli couponcrafts.coms enda egendom. couponcrafts.com kommer att \u00e4ga exklusiva r\u00e4ttigheter, inklusive alla immateriella r\u00e4ttigheter, och ska ha r\u00e4tt till obegr\u00e4nsad anv\u00e4ndning och spridning av detta material f\u00f6r vilket \u00e4ndam\u00e5l som helst, kommersiellt eller annat, utan bekr\u00e4ftelse eller kompensation till dig.<\/p>\n<p><strong>7. Policy f\u00f6r upprepad intr\u00e5ng<\/strong><\/p>\n<p>I enlighet med Digital Millennium Copyright Act och annan till\u00e4mplig lag, uppr\u00e4tth\u00e5ller couponcrafts.com en policy att, under l\u00e4mpliga omst\u00e4ndigheter och efter couponcrafts.coms eget gottfinnande, avsluta kontoinnehavare som anses vara upprepade intr\u00e5ng. couponcrafts.com kan ocks\u00e5 efter eget gottfinnande begr\u00e4nsa \u00e5tkomsten till Tj\u00e4nsten till alla anv\u00e4ndare och\/eller avsluta konton f\u00f6r kontoinnehavare som g\u00f6r intr\u00e5ng i andras immateriella r\u00e4ttigheter, oavsett om det f\u00f6rekommer upprepade intr\u00e5ng eller inte.<br \/>\nOm du anser att n\u00e5got inneh\u00e5ll p\u00e5 tj\u00e4nsten g\u00f6r intr\u00e5ng i n\u00e5gon upphovsr\u00e4tt som du \u00e4ger eller kontrollerar, kan du l\u00e4mna in ett meddelande om intr\u00e5ng till findmepromos.com:s utsedda agent enligt nedan.<\/p>\n<p>couponcrafts.com, Inc.<br \/>\nKontaktperson: Joseph Richard<br \/>\nAdress: 1813, DMCC businesscenter, juvelerare och gemplex 3<br \/>\nPostnummer: 50001<br \/>\nE-posta oss: contact@couponture.com<br \/>\nRing oss: +971 55 2572765<\/p>\n<p>couponcrafts.com kan meddela anspr\u00e5k p\u00e5 upphovsr\u00e4ttsintr\u00e5ng till anv\u00e4ndare av tj\u00e4nsten genom ett allm\u00e4nt meddelande om tj\u00e4nsten, elektronisk post till en anv\u00e4ndares e-postadress i sina register eller genom skriftlig kommunikation som skickas med f\u00f6rstklassig post till en anv\u00e4ndarens adress i sina register.<\/p>\n<p><strong>8. Varum\u00e4rken<\/strong><\/p>\n<p>couponcrafts.com, couponcrafts.com-logotypen och alla andra produkt- eller tj\u00e4nstnamn eller slogan som finns p\u00e5 tj\u00e4nsten och i n\u00e5got inneh\u00e5ll \u00e4r varum\u00e4rken som tillh\u00f6r findmepromos.com och dess leverant\u00f6rer eller licensgivare och f\u00e5r inte kopieras, imiteras eller anv\u00e4ndas, i helt eller delvis, utan f\u00f6reg\u00e5ende skriftligt tillst\u00e5nd fr\u00e5n findmepromos.com eller den till\u00e4mpliga varum\u00e4rkesinnehavaren. Alla andra varum\u00e4rken, registrerade varum\u00e4rken, produktnamn och f\u00f6retagsnamn eller logotyper som n\u00e4mns p\u00e5 tj\u00e4nsten eller i n\u00e5got inneh\u00e5ll tillh\u00f6r sina respektive \u00e4gare. H\u00e4nvisningar till produkter, tj\u00e4nster, processer eller annan information, genom varum\u00e4rke, varum\u00e4rke, tillverkare, leverant\u00f6r eller p\u00e5 annat s\u00e4tt, utg\u00f6r eller antyder inte st\u00f6d, sponsring eller rekommendation d\u00e4rav av couponcrafts.com.<\/p>\n<p><strong>9. Inneh\u00e5ll fr\u00e5n tredje part<\/strong><\/p>\n<p>Tj\u00e4nsten kan inneh\u00e5lla l\u00e4nkar till webbsidor och inneh\u00e5ll fr\u00e5n tredje part (&#8220;Tredjepartsinneh\u00e5ll&#8221;) som en tj\u00e4nst till dem som \u00e4r intresserade av denna information. couponcrafts.com \u00f6vervakar, st\u00f6der eller antar, eller har n\u00e5gon kontroll \u00f6ver, n\u00e5got tredje parts inneh\u00e5ll. couponcrafts.com tar inget ansvar f\u00f6r att uppdatera eller granska n\u00e5got tredjepartsinneh\u00e5ll och kan inte l\u00e4mna n\u00e5gon garanti f\u00f6r dess riktighet eller fullst\u00e4ndighet.<\/p>\n<p>Dessutom, om du f\u00f6ljer en l\u00e4nk eller p\u00e5 annat s\u00e4tt navigerar bort fr\u00e5n tj\u00e4nsten, var medveten om att dessa villkor inte l\u00e4ngre kommer att g\u00e4lla. Du b\u00f6r granska till\u00e4mpliga villkor och policyer, inklusive sekretess- och datainsamlingsmetoder, f\u00f6r alla webbplatser eller tredjepartsinneh\u00e5ll som du navigerar till fr\u00e5n tj\u00e4nsten. Du kommer \u00e5t och anv\u00e4nder inneh\u00e5ll fr\u00e5n tredje part p\u00e5 egen risk.<\/p>\n<p>Tj\u00e4nsten kan inneh\u00e5lla annonser och kampanjer fr\u00e5n tredje part. Dina aff\u00e4rsf\u00f6rbindelser eller korrespondens med, eller deltagande i marknadsf\u00f6ring av, andra annons\u00f6rer \u00e4n couponcrafts.com, och eventuella villkor, garantier eller representationer i samband med s\u00e5dana aff\u00e4rer, \u00e4r enbart mellan dig och s\u00e5dan tredje part.<\/p>\n<p><strong>10. Ers\u00e4ttning<\/strong><\/p>\n<p>Du kommer att f\u00f6rsvara, gottg\u00f6ra och h\u00e5lla oskadligg\u00f6ra findmepromos.com, dess dotterbolag och dotterbolag, och deras respektive styrelseledam\u00f6ter, tj\u00e4nstem\u00e4n, agenter, anst\u00e4llda, licensgivare och leverant\u00f6rer fr\u00e5n och mot alla kostnader, skador, utgifter och ansvar (inklusive, men inte begr\u00e4nsat) till rimliga advokatarvoden) som h\u00e4rr\u00f6r fr\u00e5n eller relaterade till din anv\u00e4ndning av tj\u00e4nsten, ditt brott mot dessa villkor eller ditt brott mot tredje parts r\u00e4ttigheter.<\/p>\n<p><strong>11. Friskrivning fr\u00e5n garantier<\/strong><\/p>\n<p>DIN ANV\u00c4NDNING AV TJ\u00c4NSTEN, INKLUSIVE, UTAN BEGR\u00c4NSNING, DIN ANV\u00c4NDNING AV EVENTUELLT INNEH\u00c5LL SOM \u00c4R TILLG\u00c4NGLIGT VIA WEBBPLATSEN OCH DINA INTERAKTIONER OCH HANDLINGAR MED EVENTUELLA TJ\u00c4NSANV\u00c4NDARE, \u00c4R P\u00c5 DIN EGEN RISK. TJ\u00c4NSTEN OCH ALLT INNEH\u00c5LL SOM \u00c4R TILLG\u00c4NGLIGT P\u00c5 OCH GENOM WEBBPLATSEN ELLER TJ\u00c4NSTEN TILLHANDAH\u00c5LLS &#8220;I BEFINTLIGT SKICK&#8221; OCH &#8220;SOM TILLG\u00c4NGLIGT&#8221;. couponcrafts.com OCH DESS LEVERANT\u00d6RER OCH LICENSGIVARER AVS\u00c4GER UTTRYCKLIGEN ALLA GARANTIER AV N\u00c5GOT SLAG, OAVSETT ELLER UNDERF\u00d6RST\u00c5DDA, INKLUSIVE MEN INTE BEGR\u00c4NSADE TILL UNDERF\u00d6RST\u00c5DDA GARANTIER OM S\u00c4LJBARHET, TILL OCH ANSLUTNING . couponcrafts.com GARANTERAR INTE OAVBRUDD ANV\u00c4NDNING ELLER DRIFT AV TJ\u00c4NSTEN ELLER DIN TILLG\u00c5NG TILL N\u00c5GOT INNEH\u00c5LL. INGA R\u00c5D ELLER INFORMATION, VARKEN MUNTLIG ELLER SKRIFTLIG, SOM ER ERH\u00c5LLS AV DU FR\u00c5N TJ\u00c4NSTEN SKAPA N\u00c5GON GARANTI ANG\u00c5ENDE couponcrafts.com SOM INTE UTTRYCKLIGEN ST\u00c5R I DESSA VILLKOR. VISSA JURISDIKTIONER KAN F\u00d6RBJUDA EN FRISKRIVNING AV GARANTI OCH DU KAN HA ANDRA R\u00c4TTIGHETER SOM VARIERAR FR\u00c5N JURISDIKTION TILL JURISDIKTION.<\/p>\n<p><strong>12. Ansvarsbegr\u00e4nsning<\/strong><\/p>\n<p>VARKEN couponcrafts.com ELLER DESS LEVERANT\u00d6RER ELLER LICENSGIVARE \u00c4R ANSVARIGA F\u00d6R N\u00c5GRA INDIREKTA, OAVSIKTLIGA, SPECIELLA, F\u00d6LJDSKADOR ELLER EXEMPELSKADOR, INKLUSIVE, UTAN BEGR\u00c4NSNING, SKADOR F\u00d6R F\u00d6RLUST AV VINST, VINST, VINST, VINST OM findmepromos.com ELLER N\u00c5GON LEVERANT\u00d6R ELLER LICENSGIVARE HAR UNDERR\u00c5TTS OM M\u00d6JLIGHETEN F\u00d6R DESSA SKADOR), SOM HAR UPPST\u00c5TT AV ELLER relaterade till DIN \u00c5TKOMST TILL ELLER ANV\u00c4NDNING AV ELLER DIN OF\u00d6JLIGHET ATT \u00c5TKOMMA ELLER ANV\u00c4NDA TJ\u00c4NSTEN ELLER N\u00c5GON. VISSA JURISDIKTIONER TILL\u00c5TER INTE UNDANTAG ELLER BEGR\u00c4NSNING AV ANSVAR F\u00d6R F\u00d6LJDSKADOR ELLER OAVSIKTLIGA SKADOR, S\u00c5 OVANST\u00c5ENDE BEGR\u00c4NSNING KANSKE INTE G\u00c4LLER DIG.<\/p>\n<p>DET MAXIMA TOTALA ANSVARET F\u00d6R couponcrafts.com OCH DESS LEVERANT\u00d6RER OCH LICENSGIVARER GENOM DIG F\u00d6R ALLA ANSVAR ENLIGT DESSA VILLKOR, OAVSETT I KONTRAKT, TORT ELLER ANNAT S\u00c4TT, \u00c4R 200 USD. VARJE BEST\u00c4MMELSE I DESSA VILLKOR SOM GER EN BEGR\u00c4NSNING AV ANSVAR, FRISKRIVNING FR\u00c5N GARANTIER ELLER UNDANTAG AV SKADOR \u00c4R ATT F\u00d6RDELA RISKERNA ENLIGT DESSA VILLKOR MELLAN PARTERNA. DENNA TILLDELNING \u00c4R EN V\u00c4SENTLIG DEL AV GRUNDEN F\u00d6R FYLDEN MELLAN PARTERNA. VARJE AV DESSA BEST\u00c4MMELSER \u00c4R SK\u00c4RBAR OCH OBEROENDE AV ALLA ANDRA BEST\u00c4MMELSER I DESSA VILLKOR. BEGR\u00c4NSNINGARNA I DETTA AVSNITT KOMMER ATT G\u00c4LLA \u00c4VEN OM N\u00c5GON BEGR\u00c4NSAD \u00c5TG\u00c4RD MISSLYCKAS I DESS V\u00c4SENLIGA SYFTE.<\/p>\n<p><strong>13. \u00c5tkomstbegr\u00e4nsningar<\/strong><\/p>\n<p>Utan hinder av n\u00e5gon best\u00e4mmelse i dessa villkor f\u00f6rbeh\u00e5ller sig couponcrafts.com r\u00e4tten att utan f\u00f6reg\u00e5ende meddelande och efter eget gottfinnande s\u00e4ga upp din licens att anv\u00e4nda tj\u00e4nsten och att blockera, begr\u00e4nsa och f\u00f6rhindra din framtida \u00e5tkomst till och anv\u00e4ndning av tj\u00e4nsten. Dessutom f\u00f6rbeh\u00e5ller sig couponcrafts.com r\u00e4tten att \u00e4ndra, avbryta och begr\u00e4nsa, tillf\u00e4lligt eller permanent, hela eller delar av tj\u00e4nsten utan f\u00f6rvarning efter eget gottfinnande. Varken couponcrafts.com eller dess leverant\u00f6rer eller licensgivare kommer att vara ansvariga gentemot dig eller n\u00e5gon tredje part f\u00f6r n\u00e5gon \u00e4ndring, avbrytande eller begr\u00e4nsning av tj\u00e4nsten.<\/p>\n<p><strong>14. Samtycke till elektronisk kommunikation<\/strong><\/p>\n<p>Genom att anv\u00e4nda tj\u00e4nsten samtycker du till att ta emot elektronisk kommunikation fr\u00e5n couponcrafts.com. Dessa meddelanden kan inneh\u00e5lla meddelanden om ditt konto och information om eller relaterad till tj\u00e4nsten. Du samtycker till att alla meddelanden, avtal, avsl\u00f6janden eller annan kommunikation som couponcrafts.com skickar till dig elektroniskt kommer att uppfylla alla juridiska kommunikationskrav, inklusive att s\u00e5dan kommunikation ska vara skriftlig.<\/p>\n<p><strong>15. Allm\u00e4nna juridiska meddelanden<\/strong><\/p>\n<p>Couponcrafts.coms underl\u00e5tenhet att agera i en viss omst\u00e4ndighet avs\u00e4ger sig inte dess f\u00f6rm\u00e5ga att agera med avseende p\u00e5 den omst\u00e4ndigheten eller liknande omst\u00e4ndigheter. Alla best\u00e4mmelser i dessa villkor som befinns vara ogiltiga, olagliga eller inte verkst\u00e4llbara kommer att avskiljas fr\u00e5n dessa villkor, och de \u00e5terst\u00e5ende best\u00e4mmelserna i dessa villkor kommer att forts\u00e4tta att vara i full kraft och verkan. Avsnittsrubrikerna och rubrikerna i dessa villkor \u00e4r endast avsedda f\u00f6r bekv\u00e4mlighet och har ingen r\u00e4ttslig eller avtalsenlig effekt. Varje best\u00e4mmelse i dessa villkor som till sin natur b\u00f6r \u00f6verleva upps\u00e4gningen av din licens att f\u00e5 \u00e5tkomst till tj\u00e4nsten eller n\u00e5gon upps\u00e4gning av dessa villkor (inklusive, utan begr\u00e4nsning, best\u00e4mmelser som reglerar gottg\u00f6relse, begr\u00e4nsningar av ansvar, friskrivningar fr\u00e5n garanti och \u00e4gande av immateriell egendom) kommer att forts\u00e4tta att vara i full kraft och verkan efter en s\u00e5dan upps\u00e4gning.<\/p>\n<p>Dessa villkor styrs av lagarna i delstaten DUBAI, exklusive lagkonfliktprinciper. Alla tvister eller anspr\u00e5k som uppst\u00e5r ur eller relaterar till tj\u00e4nsten eller dessa villkor m\u00e5ste p\u00e5b\u00f6rjas inom ett \u00e5r efter att anspr\u00e5ket uppstod och kommer att avg\u00f6ras genom bindande skiljedom i enlighet med de kommersiella skiljedomsreglerna fr\u00e5n American Arbitration Association. S\u00e5dana tvister eller anspr\u00e5k kommer att avg\u00f6ras p\u00e5 individuell basis och kommer inte att konsolideras i n\u00e5got skiljef\u00f6rfarande med n\u00e5got anspr\u00e5k eller kontrovers fr\u00e5n n\u00e5gon annan part. Skiljef\u00f6rfarandet kommer att genomf\u00f6ras i Santa Clara County, Kalifornien, och domen om skiljedomen kan tas upp av vilken domstol som helst med beh\u00f6rig jurisdiktion. Skiljemannens beslut kommer att vara slutgiltigt och bindande f\u00f6r parterna utan \u00f6verklagande eller granskning f\u00f6rutom vad som \u00e4r till\u00e5tet enligt kalifornisk lag. B\u00e5da parterna kan ans\u00f6ka om interimistiska eller prelimin\u00e4ra f\u00f6rel\u00e4gganden fr\u00e5n valfri domstol med beh\u00f6rig jurisdiktion, allt efter vad som \u00e4r n\u00f6dv\u00e4ndigt f\u00f6r att skydda partens r\u00e4ttigheter eller egendom i avvaktan p\u00e5 att skiljef\u00f6rfarandet slutf\u00f6rs.<\/p>\n<p>Dessa villkor utg\u00f6r hela avtalet mellan dig och couponcrafts.com ang\u00e5ende tj\u00e4nsten. Dessa villkor ers\u00e4tter alla tidigare avtal eller kommunikation mellan dig och couponcrafts.com ang\u00e5ende \u00e4mnet f\u00f6r dessa villkor.<\/p>\n<p><strong>16. Fr\u00e5gor &amp; kontaktinformation<\/strong><\/p>\n<p>Om du har n\u00e5gra fr\u00e5gor eller funderingar om tj\u00e4nsten eller dessa villkor kan du kontakta via v\u00e5r webbplats eller skriva till oss p\u00e5:<\/p>\n<p>contact@couponcrafts.com<\/p>\n<p>+971 55 2572765<\/p>\n<p><strong>Joseph Richard (juridiska fr\u00e5gor)<\/strong><\/p>\n","protected":false},"excerpt":{"rendered":"<p>V\u00e4lkommen till couponcrafts.com. Dessa anv\u00e4ndarvillkor (&#8220;Villkoren&#8220;) \u00e4r ett bindande juridiskt avtal mellan dig och couponcrafts.com Inc. (&#8220;couponcrafts.com&#8221; eller &#8220;vi&#8221;, &#8220;oss&#8221;, &#8220;v\u00e5r&#8221;), ang\u00e5ende din anv\u00e4ndning av couponcrafts. com webbplats och tj\u00e4nster p\u00e5 couponcrafts.com och andra webbplatser som \u00e4gs och drivs av couponcrafts.com i den utstr\u00e4ckning som \u00e4r till\u00e4mplig (webbplatsen och tj\u00e4nsterna kallas gemensamt f\u00f6r &#8220;Tj\u00e4nsten&#8221;). L\u00e4s [&hellip;]<\/p>\n","protected":false},"author":2,"featured_media":0,"parent":0,"menu_order":2,"comment_status":"closed","ping_status":"closed","template":"","meta":{"_acf_changed":false,"footnotes":""},"class_list":["post-283","page","type-page","status-publish","hentry"],"acf":[],"_links":{"self":[{"href":"https:\/\/couponcrafts.com\/se\/wp-json\/wp\/v2\/pages\/283"}],"collection":[{"href":"https:\/\/couponcrafts.com\/se\/wp-json\/wp\/v2\/pages"}],"about":[{"href":"https:\/\/couponcrafts.com\/se\/wp-json\/wp\/v2\/types\/page"}],"author":[{"embeddable":true,"href":"https:\/\/couponcrafts.com\/se\/wp-json\/wp\/v2\/users\/2"}],"replies":[{"embeddable":true,"href":"https:\/\/couponcrafts.com\/se\/wp-json\/wp\/v2\/comments?post=283"}],"version-history":[{"count":4,"href":"https:\/\/couponcrafts.com\/se\/wp-json\/wp\/v2\/pages\/283\/revisions"}],"predecessor-version":[{"id":752,"href":"https:\/\/couponcrafts.com\/se\/wp-json\/wp\/v2\/pages\/283\/revisions\/752"}],"wp:attachment":[{"href":"https:\/\/couponcrafts.com\/se\/wp-json\/wp\/v2\/media?parent=283"}],"curies":[{"name":"wp","href":"https:\/\/api.w.org\/{rel}","templated":true}]}}