{"id":285,"date":"2023-12-14T06:48:52","date_gmt":"2023-12-14T06:48:52","guid":{"rendered":"https:\/\/couponcrafts.com\/se\/?page_id=285"},"modified":"2024-12-03T06:14:02","modified_gmt":"2024-12-03T06:14:02","slug":"avtryck","status":"publish","type":"page","link":"https:\/\/couponcrafts.com\/se\/avtryck\/","title":{"rendered":"avtryck"},"content":{"rendered":"<p><strong>Kontaktinformation<\/strong><\/p>\n<p><strong>USA F\u00f6retag:<\/strong> QWIK CODER LLC<br \/>\n<strong>USA Adress:<\/strong> 150 E B St Lbby #1810, Casper, WYOMING<br \/>\n<strong>Ring oss:<\/strong> +971 55 2572765<br \/>\n<strong>Juridisk korrespondens:<\/strong> contact@couponcrafts.com<\/p>\n<p><strong>Ansvarsfriskrivning<\/strong><\/p>\n<p><strong>1. Inneh\u00e5llet i onlineerbjudandet<\/strong><\/p>\n<p>F\u00f6rfattaren tar inget ansvar f\u00f6r aktualitet, riktighet, fullst\u00e4ndighet eller kvalitet av den information som tillhandah\u00e5lls. Ansvarskrav mot f\u00f6rfattaren avseende materiella eller immateriella skador som orsakats av anv\u00e4ndning eller utebliven anv\u00e4ndning av den tillhandah\u00e5llna informationen eller anv\u00e4ndning av felaktig eller ofullst\u00e4ndig information \u00e4r i princip uteslutna, s\u00e5vida inte f\u00f6rfattaren kan bevisas ha handlat med upps\u00e5t eller grovt. oaktsamhet fel f\u00f6religger. Alla erbjudanden \u00e4r icke bindande. F\u00f6rfattaren f\u00f6rbeh\u00e5ller sig uttryckligen r\u00e4tten att \u00e4ndra, komplettera eller ta bort delar av sidorna eller hela erbjudandet utan f\u00f6reg\u00e5ende meddelande eller att tillf\u00e4lligt eller permanent avbryta publiceringen.<\/p>\n<p><strong>2. Referenser och l\u00e4nkar<\/strong><\/p>\n<p>Vid direkta eller indirekta h\u00e4nvisningar till externa webbplatser (\u201dhyperl\u00e4nkar\u201d), som ligger utanf\u00f6r f\u00f6rfattarens ansvarsomr\u00e5de, skulle ansvar endast intr\u00e4da om f\u00f6rfattaren k\u00e4nde till inneh\u00e5llet och det var tekniskt m\u00f6jligt och rimligt att honom att g\u00f6ra det f\u00f6r att f\u00f6rhindra anv\u00e4ndningen av olagligt inneh\u00e5ll. F\u00f6rfattaren f\u00f6rklarar h\u00e4rmed uttryckligen att inget olagligt inneh\u00e5ll kunde urskiljas p\u00e5 de l\u00e4nkade sidorna n\u00e4r l\u00e4nken skapades. F\u00f6rfattaren har inget som helst inflytande p\u00e5 den nuvarande och framtida designen, inneh\u00e5llet eller f\u00f6rfattarskapet p\u00e5 de l\u00e4nkade\/anslutna sidorna. Han tar d\u00e4rf\u00f6r h\u00e4rmed uttryckligen avst\u00e5nd fr\u00e5n allt inneh\u00e5ll p\u00e5 alla l\u00e4nkade\/anslutna sidor som \u00e4ndrades efter att l\u00e4nken skapades. Detta uttalande g\u00e4ller alla l\u00e4nkar och referenser som finns p\u00e5 v\u00e5r egen webbplats samt f\u00f6r tredje parts inl\u00e4gg i g\u00e4stb\u00f6cker, diskussionsforum, l\u00e4nkkataloger, e-postlistor och alla andra former av databaser som skapats av f\u00f6rfattaren, vars inneh\u00e5ll kan n\u00e5s externt. Leverant\u00f6ren av sidan som h\u00e4nvisas till \u00e4r ensam ansvarig f\u00f6r olagligt, felaktigt eller ofullst\u00e4ndigt inneh\u00e5ll och i synnerhet f\u00f6r skador som uppst\u00e5r genom anv\u00e4ndning eller utebliven anv\u00e4ndning av s\u00e5dan information, inte den person som endast h\u00e4nvisar till respektive publikation via l\u00e4nkar.<\/p>\n<p><strong>3. Upphovsr\u00e4tt och varum\u00e4rkeslagstiftning<\/strong><\/p>\n<p>F\u00f6rfattaren str\u00e4var efter att iaktta upphovsr\u00e4tten till de bilder, grafik, ljuddokument, videosekvenser och texter som anv\u00e4nds i alla publikationer, att anv\u00e4nda bilder, grafik, ljuddokument, videosekvenser och texter som han sj\u00e4lv har skapat eller att anv\u00e4nda licensfri grafik, ljuddokument, videosekvenser och texter . Alla varum\u00e4rken och varum\u00e4rken som n\u00e4mns p\u00e5 webbplatsen och eventuellt skyddas av tredje part omfattas utan begr\u00e4nsningar av best\u00e4mmelserna i till\u00e4mplig varum\u00e4rkeslag och respektive registrerad \u00e4gares \u00e4gander\u00e4tt. Slutsatsen att varum\u00e4rken inte skyddas av tredje parts r\u00e4ttigheter b\u00f6r inte dras enbart p\u00e5 grundval av blotta omn\u00e4mnandet! Upphovsr\u00e4tten f\u00f6r publicerade objekt skapade av f\u00f6rfattaren sj\u00e4lv f\u00f6rblir enbart hos f\u00f6rfattaren till sidorna. Reproduktion eller anv\u00e4ndning av s\u00e5dan grafik, ljuddokument, videosekvenser och texter i andra elektroniska eller tryckta publikationer \u00e4r inte till\u00e5ten utan uttryckligt medgivande fr\u00e5n f\u00f6rfattaren.<\/p>\n<p><strong>4. Sekretess<\/strong><\/p>\n<p>Om m\u00f6jligheten till inmatning av person- eller aff\u00e4rsdata (e-postadresser, namn, adresser) ges, sker inmatningen av dessa uppgifter fr\u00e5n anv\u00e4ndarens sida p\u00e5 uttryckligen frivillig basis. Anv\u00e4ndning och betalning av alla tj\u00e4nster som erbjuds \u00e4r \u2013 s\u00e5 l\u00e5ngt det \u00e4r tekniskt m\u00f6jligt och rimligt \u2013 till\u00e5tet utan att tillhandah\u00e5lla s\u00e5dana uppgifter eller genom att tillhandah\u00e5lla anonyma uppgifter eller en pseudonym. Det \u00e4r inte till\u00e5tet att anv\u00e4nda kontaktdata som publicerats i f\u00f6rlaget eller j\u00e4mf\u00f6rbar information s\u00e5som postadresser, telefon- och faxnummer och e-postadresser av tredje part f\u00f6r att skicka information som inte uttryckligen har efterfr\u00e5gats. Vi f\u00f6rbeh\u00e5ller oss uttryckligen r\u00e4tten att vidta r\u00e4ttsliga \u00e5tg\u00e4rder mot avs\u00e4ndare av s\u00e5 kallade skr\u00e4ppostmeddelanden som bryter mot detta f\u00f6rbud.<\/p>\n<p><strong>5. R\u00e4ttslig giltighet f\u00f6r denna ansvarsfriskrivning<\/strong><\/p>\n<p>Denna ansvarsfriskrivning ska ses som en del av interneterbjudandet fr\u00e5n vilket h\u00e4nvisning gjordes till denna sida. Om delar eller enskilda formuleringar av denna text inte, inte l\u00e4ngre eller inte helt \u00f6verensst\u00e4mmer med g\u00e4llande r\u00e4ttsl\u00e4ge, f\u00f6rblir de \u00e5terst\u00e5ende delarna av dokumentet op\u00e5verkade i sitt inneh\u00e5ll och giltighet.<\/p>\n<p><strong>6. Google Analytics &amp; Google Adsense<\/strong><\/p>\n<p>Den h\u00e4r webbplatsen anv\u00e4nder Google Analytics, en webbanalystj\u00e4nst som tillhandah\u00e5lls av Google Inc. (&#8220;Google&#8221;). Google Analytics anv\u00e4nder s\u00e5 kallade &#8220;cookies&#8221;, textfiler som lagras p\u00e5 din dator och m\u00f6jligg\u00f6r en analys av din anv\u00e4ndning av webbplatsen. Informationen som genereras av cookien om din anv\u00e4ndning av denna webbplats (inklusive din IP-adress) \u00f6verf\u00f6rs till en Google-server i USA och lagras d\u00e4r. Google kommer att anv\u00e4nda denna information f\u00f6r att utv\u00e4rdera din anv\u00e4ndning av webbplatsen, f\u00f6r att sammanst\u00e4lla rapporter om webbplatsaktivitet f\u00f6r webbplatsoperat\u00f6rer och f\u00f6r att tillhandah\u00e5lla andra tj\u00e4nster relaterade till webbplatsaktivitet och internetanv\u00e4ndning. Google kan ocks\u00e5 \u00f6verf\u00f6ra denna information till tredje part om det kr\u00e4vs enligt lag eller om tredje part behandlar dessa uppgifter f\u00f6r Googles r\u00e4kning. Under inga omst\u00e4ndigheter kommer Google att associera din IP-adress med annan Google-data. Du kan f\u00f6rhindra installationen av cookies genom att st\u00e4lla in din webbl\u00e4sarprogramvara i enlighet med detta; Vi vill dock p\u00e5peka f\u00f6r dig att i det h\u00e4r fallet kan du om till\u00e4mpligt inte anv\u00e4nda alla funktioner p\u00e5 denna webbplats fullt ut. Genom att anv\u00e4nda denna webbplats samtycker du till behandlingen av uppgifter om dig av Google p\u00e5 det s\u00e4tt och f\u00f6r de syften som anges ovan. Du kan inv\u00e4nda mot insamling och lagring av data n\u00e4r som helst med verkan f\u00f6r framtiden. Med tanke p\u00e5 diskussionen om anv\u00e4ndningen av analysverktyg med fullst\u00e4ndiga IP-adresser vill vi p\u00e5peka att denna webbplats anv\u00e4nder Google Analytics med till\u00e4gget &#8220;_anonymizeIp()&#8221; och d\u00e4rf\u00f6r behandlas IP-adresser endast i f\u00f6rkortad form f\u00f6r att reglera direkt personlig referens. Eftersom Google Adsense-annonsering visas p\u00e5 denna webbplats kan din webbl\u00e4sare lagra en cookie som skickas av Google Inc. eller tredje part. Denna cookie kan l\u00e4sas av Google Inc. eller tredje part. F\u00f6r att ta bort denna cookie eller \u00e4ndra cookiehantering i allm\u00e4nhet, v\u00e4nligen konsultera din webbl\u00e4sares hj\u00e4lp. Dessa inst\u00e4llningar finns vanligtvis under Extras -&gt; Sekretessinst\u00e4llningar (Firefox) eller Extras -&gt; Internetalternativ -&gt; Sekretess (Internet Explorer).<\/p>\n","protected":false},"excerpt":{"rendered":"<p>Kontaktinformation USA F\u00f6retag: QWIK CODER LLC USA Adress: 150 E B St Lbby #1810, Casper, WYOMING Ring oss: +971 55 2572765 Juridisk korrespondens: contact@couponcrafts.com Ansvarsfriskrivning 1. Inneh\u00e5llet i onlineerbjudandet F\u00f6rfattaren tar inget ansvar f\u00f6r aktualitet, riktighet, fullst\u00e4ndighet eller kvalitet av den information som tillhandah\u00e5lls. Ansvarskrav mot f\u00f6rfattaren avseende materiella eller immateriella skador som orsakats av [&hellip;]<\/p>\n","protected":false},"author":2,"featured_media":0,"parent":0,"menu_order":1,"comment_status":"closed","ping_status":"closed","template":"","meta":{"_acf_changed":false,"footnotes":""},"class_list":["post-285","page","type-page","status-publish","hentry"],"acf":[],"_links":{"self":[{"href":"https:\/\/couponcrafts.com\/se\/wp-json\/wp\/v2\/pages\/285"}],"collection":[{"href":"https:\/\/couponcrafts.com\/se\/wp-json\/wp\/v2\/pages"}],"about":[{"href":"https:\/\/couponcrafts.com\/se\/wp-json\/wp\/v2\/types\/page"}],"author":[{"embeddable":true,"href":"https:\/\/couponcrafts.com\/se\/wp-json\/wp\/v2\/users\/2"}],"replies":[{"embeddable":true,"href":"https:\/\/couponcrafts.com\/se\/wp-json\/wp\/v2\/comments?post=285"}],"version-history":[{"count":5,"href":"https:\/\/couponcrafts.com\/se\/wp-json\/wp\/v2\/pages\/285\/revisions"}],"predecessor-version":[{"id":3000,"href":"https:\/\/couponcrafts.com\/se\/wp-json\/wp\/v2\/pages\/285\/revisions\/3000"}],"wp:attachment":[{"href":"https:\/\/couponcrafts.com\/se\/wp-json\/wp\/v2\/media?parent=285"}],"curies":[{"name":"wp","href":"https:\/\/api.w.org\/{rel}","templated":true}]}}